{"id":15,"date":"2021-02-28T21:24:05","date_gmt":"2021-02-28T20:24:05","guid":{"rendered":"http:\/\/maitesauvet.fr\/maite_sauvet\/?page_id=15"},"modified":"2022-05-27T22:35:22","modified_gmt":"2022-05-27T20:35:22","slug":"bienvenue","status":"publish","type":"page","link":"https:\/\/maitesauvet.fr\/maite_sauvet\/","title":{"rendered":"Bienvenue"},"content":{"rendered":"\n<div class=\"wp-block-columns has-base-3-background-color has-background is-layout-flex wp-container-3\">\n<div class=\"wp-block-column is-layout-flow\" style=\"flex-basis:33.33%\">\n<p class=\"has-text-align-center has-contrast-color has-text-color has-background has-medium-font-size\" style=\"background-color:#fccdcd\"><em>Cliquez sur un livre <br>pour acc\u00e9der <br>\u00e0 sa description<\/em><\/p>\n\n\n<div class=\"wp-block-image\">\n<figure class=\"aligncenter size-medium\"><a href=\"https:\/\/maitesauvet.fr\/maite_sauvet\/index.php\/nos-pouvoirs-dadaptation-pour-un-nouveau-monde\/\"><img decoding=\"async\" loading=\"lazy\" width=\"193\" height=\"300\" src=\"https:\/\/maitesauvet.fr\/maite_sauvet\/wp-content\/uploads\/2022\/05\/pouvoir-193x300.jpg\" alt=\"\" class=\"wp-image-226\" srcset=\"https:\/\/maitesauvet.fr\/maite_sauvet\/wp-content\/uploads\/2022\/05\/pouvoir-193x300.jpg 193w, https:\/\/maitesauvet.fr\/maite_sauvet\/wp-content\/uploads\/2022\/05\/pouvoir.jpg 321w\" sizes=\"(max-width: 193px) 100vw, 193px\" \/><\/a><\/figure><\/div>\n\n\n<p class=\"has-text-align-center\"><strong>Nos pouvoirs d&#8217;adaptations pour un nouveau monde<\/strong><br>Mait\u00e9 Sauvet<br>Fr\u00e9d\u00e9ric Collecchia<br><em>Edition Marie B &#8211; 2022<\/em> <\/p>\n\n\n<div class=\"wp-block-image\">\n<figure class=\"aligncenter size-large\"><a href=\"https:\/\/maitesauvet.fr\/maite_sauvet\/index.php\/votre-enfant-est-naturellement-doue\/\"><img decoding=\"async\" loading=\"lazy\" width=\"148\" height=\"204\" src=\"https:\/\/maitesauvet.fr\/maite_sauvet\/wp-content\/uploads\/2021\/06\/droppedImage_1.jpg\" alt=\"\" class=\"wp-image-117\"\/><\/a><\/figure><\/div>\n\n\n<p class=\"has-text-align-center\"><strong>Votre enfant<br>est<br>naturellement dou\u00e9<\/strong><br>Mait\u00e9 Sauvet et Laure Leter<br><em>Editions Noir et Blanc &#8211; 2016<\/em><\/p>\n\n\n<div class=\"wp-block-image\">\n<figure class=\"aligncenter size-large\"><a href=\"https:\/\/maitesauvet.fr\/maite_sauvet\/index.php\/votre-enfant-est-naturellement-doue-2\/\"><img decoding=\"async\" loading=\"lazy\" width=\"148\" height=\"209\" src=\"https:\/\/maitesauvet.fr\/maite_sauvet\/wp-content\/uploads\/2021\/06\/Numeriser-4-1.jpg\" alt=\"\" class=\"wp-image-116\"\/><\/a><\/figure><\/div>\n\n\n<p class=\"has-text-align-center\"><em>Edition Chiron &#8211; 2008<\/em><\/p>\n\n\n<div class=\"wp-block-image\">\n<figure class=\"aligncenter size-large\"><a href=\"https:\/\/maitesauvet.fr\/maite_sauvet\/index.php\/etre-soi-dans-le-plaisir\/\"><img decoding=\"async\" loading=\"lazy\" width=\"152\" height=\"211\" src=\"https:\/\/maitesauvet.fr\/maite_sauvet\/wp-content\/uploads\/2021\/06\/droppedImage_2-1.jpg\" alt=\"\" class=\"wp-image-115\"\/><\/a><\/figure><\/div>\n\n\n<p class=\"has-text-align-center\"><strong>Les Cl\u00e9s du Plaisir<\/strong><br>Mait\u00e9 Sauvet<br><em>Edition Noir et Blanc &#8211; 2015<\/em><\/p>\n\n\n<div class=\"wp-block-image\">\n<figure class=\"aligncenter size-large\"><a href=\"https:\/\/maitesauvet.fr\/maite_sauvet\/index.php\/etre-soi-dans-le-plaisir\/\"><img decoding=\"async\" loading=\"lazy\" width=\"151\" height=\"208\" src=\"https:\/\/maitesauvet.fr\/maite_sauvet\/wp-content\/uploads\/2021\/06\/Numeriser-2-1.jpg\" alt=\"\" class=\"wp-image-114\"\/><\/a><\/figure><\/div>\n\n\n<p class=\"has-text-align-center\"><strong>Etre soi dans le plaisir<\/strong><br>Mait\u00e9 Sauvet<br><em>Edition Chiron &#8211; 2006<\/em><\/p>\n\n\n<div class=\"wp-block-image\">\n<figure class=\"aligncenter size-large\"><a href=\"https:\/\/maitesauvet.fr\/maite_sauvet\/index.php\/de-linsatisfaction-masculine\/\"><img decoding=\"async\" loading=\"lazy\" width=\"148\" height=\"214\" src=\"https:\/\/maitesauvet.fr\/maite_sauvet\/wp-content\/uploads\/2021\/06\/Numeriser-1.jpg\" alt=\"\" class=\"wp-image-110\"\/><\/a><\/figure><\/div>\n\n\n<p class=\"has-text-align-center\"><strong>De l\u2019insatisfaction<br>masculine<\/strong><br>Mait\u00e9 Sauvet<br><em>Edition Jouvence &#8211; 2003<\/em><\/p>\n<\/div>\n\n\n\n<div class=\"wp-block-column is-layout-flow\" style=\"flex-basis:66.66%\">\n<p style=\"text-align: justify;\"><strong><em><img decoding=\"async\" class=\"alignleft\" src=\"http:\/\/www.maitesauvet.fr\/Site_de_Maite_Sauvet\/Bienvenue_files\/maite3.jpg\" alt=\"\" \/><\/em><\/strong><\/p>\n<p style=\"text-align: justify;\"><strong><em>D&#8217;o\u00f9 viennent nos \u00e9tonnantes capacit\u00e9s de cr\u00e9ation, d\u2019adaptation ? Comment construisons-nous nos aptitudes, notre personnalit\u00e9, nos relations \u00e0 autrui, notre soci\u00e9t\u00e9 ? Qu&#8217;est-ce qui nous permet de ressentir, d&#8217;\u00e9prouver du plaisir, d&#8217;aimer, de r\u00e9fl\u00e9chir ?<br \/><\/em><\/strong><strong><em>Qu&#8217;est-ce qui nous motive pour rechercher le bien-\u00eatre comme pour g\u00e9rer les difficult\u00e9s, pour nous r\u00e9aliser, voire m\u00eame nous surpasser\u00a0? Nous avons la capacit\u00e9 d&#8217;\u00e9voluer, de nous r\u00e9inventer en permanence, \u00e0 nous de nous orienter vers le meilleur<\/em><\/strong><strong><em>. <br \/><\/em><\/strong><strong><em>Telles sont les questions sur lesquelles je travaille, en m\u2019appuyant sur les derniers r\u00e9sultats des recherches en neurosciences. <\/em><\/strong><\/p>\n<div class=\"style\">\n<p style=\"text-align: justify;\">Docteur en Sciences, et chercheure, je suis sp\u00e9cialis\u00e9e dans les fonctions d&#8217;apprentissage. \u00a0Du ressenti, de la motivation, de l&#8217;action, \u00e0 la r\u00e9flexion, elles sont au c\u0153ur de toutes nos aptitudes, de tout notre \u00eatre. J\u2019essaie de reproduire au mieux la mani\u00e8re dont nos diff\u00e9rentes facult\u00e9s se construisent et fonctionnent &#8211; non pas de mani\u00e8re th\u00e9orique mais au contraire tr\u00e8s humaine. Cela permet d\u2019\u00e9tablir des d\u00e9marches plus proches de nous, de nos besoins r\u00e9els, de nos d\u00e9sirs, de notre bien-\u00eatre.<\/p>\n<h2 class=\"paragraph_style_2\">Le mot de l\u2019auteur sur ses ouvrages<\/h2>\n<p style=\"text-align: justify;\"><strong><em>\u00ab Nos pouvoirs d&#8217;adaptation pour un nouveau monde &#8211; sous-titre :\u00a0 se cr\u00e9er des nouveaux neurones \u00bb <br \/><\/em><\/strong>Et si nous avions les moyens de voir notre avenir positivement ? Ne sommes-nous pas fatigu\u00e9s de ce flot d\u2019informations sur des catastrophes naturelles qui nous assaille en permanence, des difficult\u00e9s que nous traversons?<br \/>Une \u00e9vidence s\u2019impose de plus en plus \u00e0 nous : nous devons changer nos habitudes. Tant mieux, car en empruntant de nouvelles directions dans notre mani\u00e8re d\u2019agir et de penser, nous nous cr\u00e9ons de nouveaux neurones et ceci \u00e0 tous les \u00e2ges de notre vie, c\u2019est ce qui nous permet de nous adapter ! La recherche en neurobiologie ne cesse de nous le d\u00e9montrer d\u2019ann\u00e9e en ann\u00e9e. <br \/>Il ne s&#8217;agit pas de tout bouleverser, mais simplement de nous poser les bonnes questions pour agir\u00a0: en fait, elles reposent sur des \u00e9vidences auxquelles nous ne songeons pas par la force de l&#8217;habitude\u2026.<\/p>\n<p class=\"paragraph_style_2\" style=\"text-align: justify;\"><em><strong>\u00ab\u00a0<span class=\"style_2\">Votre enfant est naturellement dou\u00e9\u00a0<\/span>\u00bb<\/strong><\/em> constitue une synth\u00e8se des derni\u00e8res d\u00e9couvertes concernant les apprentissages des enfants de 0 \u00e0 6 ans dans un grand nombre de domaines\u00a0: langages, fonctions intellectuelles et cr\u00e9atives, vie \u00e9motionnelle et affective, aptitudes physiques, etc. Il\u00a0 pr\u00e9sente, en outre, beaucoup de formes d\u2019intelligence, montrant, suivant une vision nouvelle et concr\u00e8te ce qui les nourrit\u00a0: motivation, d\u00e9sirs, actions, \u00e9motions &#8211; les deux premi\u00e8res parties de cet ouvrage concernent autant les adultes que les enfants, la derni\u00e8re partie est consacr\u00e9e au suivi des progr\u00e8s de l\u2019enfant d\u00e8s sa naissance. Et il permet de faire un tri par rapport \u00e0 toutes les m\u00e9thodes actuellement propos\u00e9es aux parents et aux enseignants, de d\u00e9terminer quel type d\u2019apprentissage suit l\u2019\u00e9volution du fonctionnement neuronal et \u00e0 quel \u00e2ge, et quelles sont les m\u00e9thodes inefficaces voire n\u00e9fastes pour l\u2019enfant.\u00a0 De nombreux jouets ont aussi \u00e9t\u00e9 \u00e9tudi\u00e9s pour d\u00e9terminer ceux qui \u00e9taient profitables \u00e0 l\u2019enfant et ceux qui au contraire ne lui rendaient pas service.<\/p>\n<p class=\"paragraph_style_2\" style=\"text-align: justify;\"><strong><em>\u00ab<span class=\"style_3\">\u00a0<\/span><span class=\"style_2\">De l\u2019insatisfaction masculine \u2013 sous-titre\u00a0: les hommes sont-ils heureux\u00a0?<\/span><\/em><span class=\"style_3\"><em>\u00a0\u00bb<\/em> <\/span><\/strong>Travaillant pendant de nombreuses ann\u00e9es dans des milieux essentiellement masculins, j\u2019ai recueilli les confidences de nombreux hommes sur leurs attentes, leurs probl\u00e8mes, les questions qu\u2019ils se posaient dans tous divers domaines\u00a0: professionnel, social, familial, intime. A mon grand \u00e9tonnement, j\u2019ai d\u00e9couvert que ce n\u2019est pas si facile d\u2019\u00eatre un homme. Il faut para\u00eetre gagneur, s\u00fbr de soi, ne pas montrer ses faiblesses, \u00eatre tr\u00e8s performant sans bien souvent avoir suivi l\u2019apprentissage n\u00e9cessaire dans le domaine concern\u00e9. Ceci est particuli\u00e8rement vrai sur le plan des relations amoureuses, du plaisir, de l\u2019expression des \u00e9motions et de la sensibilit\u00e9. Aussi m\u2019a-t-il paru essentiel de me faire le porte parole de ce que beaucoup d\u2019hommes n\u2019osaient exprimer ouvertement, par peur du jugement d\u2019autrui.\u00a0 C\u2019est ainsi qu\u2019est n\u00e9 cet ouvrage dont une 1<span class=\"style_4\">\u00e8re<\/span> partie a \u00e9t\u00e9 publi\u00e9e, celle traitant des approches et comportements masculins\u00a0 dans\u00a0 les relations intimes.\u00a0<\/p>\n<p class=\"paragraph_style_2\" style=\"text-align: justify;\">La parution de ce livre a suscit\u00e9 de nombreuses r\u00e9actions masculines. Ne serait-ce que l\u2019\u00e9vocation du titre <em><strong>\u00ab\u00a0<span class=\"style_2\">De l\u2019insatisfaction masculine\u00a0\u00bb <\/span><\/strong><\/em>provoque l\u2019expression de beaucoup d\u2019hommes. Ils sont heureux que l\u2019on s\u2019int\u00e9resse enfin \u00e0 ce qu\u2019ils ressentent. S\u2019ils ont souvent signifi\u00e9 en quoi ils \u00e9taient insatisfaits, certains toutefois se sont dits satisfaits, de m\u00eames que des femmes qui \u00e9taient g\u00e9n\u00e9ralement leur conjointe.\u00a0 Or, je me suis progressivement rendue compte qu\u2019il y avait des constantes dans ces expressions. Ces personnes \u00e9taient satisfaites pour des raisons similaires malgr\u00e9 des parcours de vie tr\u00e8s diff\u00e9rents. De plus, Il y avait des explications biologiques claires \u00e0 ces \u00e9l\u00e9ments.\u00a0 J\u2019ai donc \u00e9crit <em><strong>\u00ab\u00a0<span class=\"style_2\">Etre soi dans le plaisir<\/span>\u00a0\u00bb<\/strong><\/em> qui rend compte dans sa 1ere partie des parcours de vie de ces personnes qui leur ont permis d\u2019aboutir \u00e0 la satisfaction. La seconde partie nous plonge au c\u0153ur du plaisir et des d\u00e9marches simples et naturelles pour y parvenir. Une satisfaction m\u00eame multi-orgasmique pour hommes et femmes est beaucoup plus facile \u00e0 obtenir que nous le pensons. Nous vivons simplement dans l\u2019ignorance et l\u2019\u00e9volution de la soci\u00e9t\u00e9 dans ce domaine est loin de nous conduire vers les d\u00e9marches les plus efficaces. La derni\u00e8re partie est consacr\u00e9e \u00e0 notre vie \u00e9motionnelle, \u00e0 la mani\u00e8re de d\u00e9couvrir notre identit\u00e9 et de l\u2019affirmer \u00e0 travers la recherche du plaisir et la relation \u00e0 l\u2019autre.<\/p>\n<\/div>\n<\/div>\n<\/div>\n","protected":false},"excerpt":{"rendered":"<p>Cliquez sur un livre pour acc\u00e9der \u00e0 sa description Nos pouvoirs d&#8217;adaptations pour un nouveau mondeMait\u00e9 SauvetFr\u00e9d\u00e9ric CollecchiaEdition Marie B &#8211; 2022 Votre enfantestnaturellement dou\u00e9Mait\u00e9 Sauvet et Laure LeterEditions Noir et Blanc &#8211; 2016 Edition Chiron &#8211; 2008 Les Cl\u00e9s du PlaisirMait\u00e9 SauvetEdition Noir et Blanc &#8211; 2015 Etre soi dans le plaisirMait\u00e9 SauvetEdition Chiron &#8230; <a title=\"Bienvenue\" class=\"read-more\" href=\"https:\/\/maitesauvet.fr\/maite_sauvet\/\" aria-label=\"More on Bienvenue\">Read more<\/a><\/p>\n","protected":false},"author":1,"featured_media":0,"parent":0,"menu_order":0,"comment_status":"closed","ping_status":"closed","template":"","meta":[],"_links":{"self":[{"href":"https:\/\/maitesauvet.fr\/maite_sauvet\/index.php\/wp-json\/wp\/v2\/pages\/15"}],"collection":[{"href":"https:\/\/maitesauvet.fr\/maite_sauvet\/index.php\/wp-json\/wp\/v2\/pages"}],"about":[{"href":"https:\/\/maitesauvet.fr\/maite_sauvet\/index.php\/wp-json\/wp\/v2\/types\/page"}],"author":[{"embeddable":true,"href":"https:\/\/maitesauvet.fr\/maite_sauvet\/index.php\/wp-json\/wp\/v2\/users\/1"}],"replies":[{"embeddable":true,"href":"https:\/\/maitesauvet.fr\/maite_sauvet\/index.php\/wp-json\/wp\/v2\/comments?post=15"}],"version-history":[{"count":50,"href":"https:\/\/maitesauvet.fr\/maite_sauvet\/index.php\/wp-json\/wp\/v2\/pages\/15\/revisions"}],"predecessor-version":[{"id":439,"href":"https:\/\/maitesauvet.fr\/maite_sauvet\/index.php\/wp-json\/wp\/v2\/pages\/15\/revisions\/439"}],"wp:attachment":[{"href":"https:\/\/maitesauvet.fr\/maite_sauvet\/index.php\/wp-json\/wp\/v2\/media?parent=15"}],"curies":[{"name":"wp","href":"https:\/\/api.w.org\/{rel}","templated":true}]}}