{"id":151,"date":"2021-06-28T12:18:16","date_gmt":"2021-06-28T10:18:16","guid":{"rendered":"https:\/\/maitesauvet.fr\/maite_sauvet\/?page_id=151"},"modified":"2021-06-28T12:18:16","modified_gmt":"2021-06-28T10:18:16","slug":"votre-enfant-est-naturellement-doue-2","status":"publish","type":"page","link":"https:\/\/maitesauvet.fr\/maite_sauvet\/index.php\/votre-enfant-est-naturellement-doue-2\/","title":{"rendered":"Votre enfant est naturellement dou\u00e9"},"content":{"rendered":"\n<figure class=\"wp-block-gallery columns-2 is-cropped wp-block-gallery-1 is-layout-flex\"><ul class=\"blocks-gallery-grid\"><li class=\"blocks-gallery-item\"><figure><img decoding=\"async\" loading=\"lazy\" width=\"366\" height=\"514\" src=\"https:\/\/maitesauvet.fr\/maite_sauvet\/wp-content\/uploads\/2021\/06\/enfant3.jpg\" alt=\"\" data-id=\"152\" data-full-url=\"https:\/\/maitesauvet.fr\/maite_sauvet\/wp-content\/uploads\/2021\/06\/enfant3.jpg\" data-link=\"https:\/\/maitesauvet.fr\/maite_sauvet\/?attachment_id=152\" class=\"wp-image-152\" srcset=\"https:\/\/maitesauvet.fr\/maite_sauvet\/wp-content\/uploads\/2021\/06\/enfant3.jpg 366w, https:\/\/maitesauvet.fr\/maite_sauvet\/wp-content\/uploads\/2021\/06\/enfant3-214x300.jpg 214w\" sizes=\"(max-width: 366px) 100vw, 366px\" \/><\/figure><\/li><li class=\"blocks-gallery-item\"><figure><img decoding=\"async\" loading=\"lazy\" width=\"505\" height=\"724\" src=\"https:\/\/maitesauvet.fr\/maite_sauvet\/wp-content\/uploads\/2021\/06\/enfant4.jpg\" alt=\"\" data-id=\"153\" data-full-url=\"https:\/\/maitesauvet.fr\/maite_sauvet\/wp-content\/uploads\/2021\/06\/enfant4.jpg\" data-link=\"https:\/\/maitesauvet.fr\/maite_sauvet\/?attachment_id=153\" class=\"wp-image-153\" srcset=\"https:\/\/maitesauvet.fr\/maite_sauvet\/wp-content\/uploads\/2021\/06\/enfant4.jpg 505w, https:\/\/maitesauvet.fr\/maite_sauvet\/wp-content\/uploads\/2021\/06\/enfant4-209x300.jpg 209w\" sizes=\"(max-width: 505px) 100vw, 505px\" \/><\/figure><\/li><\/ul><\/figure>\n\n\n\n<p>Cet ouvrage constitue une synth\u00e8se des derni\u00e8res d\u00e9couvertes concernant les apprentissages des enfants de 0 \u00e0 6 ans dans de nombreux domaines : langages, fonctions intellectuelles et cr\u00e9atives, vie \u00e9motionnelle et affective, aptitudes physiques, etc. Il pr\u00e9sente en outre beaucoup de formes d\u2019intelligence, montrant, suivant une vision nouvelle et concr\u00e8te ce qui les nourrit : motivation, d\u00e9sirs, actions, \u00e9motions &#8211; les deux premi\u00e8res parties de cet ouvrage concernent autant les adultes que les enfants, la derni\u00e8re partie est consacr\u00e9e au suivi des progr\u00e8s de l\u2019enfant d\u00e8s sa naissance. Et il nous permet de faire le tri par rapport \u00e0 toutes les m\u00e9thodes actuellement propos\u00e9es aux parents et aux enseignants, \u00e0 d\u00e9terminer quel type d\u2019apprentissage suit l\u2019\u00e9volution du fonctionnement neuronal et \u00e0 quel \u00e2ge, et quelles sont les m\u00e9thodes inefficaces voire n\u00e9fastes pour l\u2019enfant. Avec ma co-auteur Laure Leter, nous avons aussi \u00e9tudi\u00e9 de nombreux jouets pour d\u00e9terminer ceux qui \u00e9taient profitables \u00e0 l\u2019enfant et ceux qui au contraire ne lui rendaient pas service.<\/p>\n","protected":false},"excerpt":{"rendered":"<p>Cet ouvrage constitue une synth\u00e8se des derni\u00e8res d\u00e9couvertes concernant les apprentissages des enfants de 0 \u00e0 6 ans dans de nombreux domaines : langages, fonctions intellectuelles et cr\u00e9atives, vie \u00e9motionnelle et affective, aptitudes physiques, etc. Il pr\u00e9sente en outre beaucoup de formes d\u2019intelligence, montrant, suivant une vision nouvelle et concr\u00e8te ce qui les nourrit : &#8230; <a title=\"Votre enfant est naturellement dou\u00e9\" class=\"read-more\" href=\"https:\/\/maitesauvet.fr\/maite_sauvet\/index.php\/votre-enfant-est-naturellement-doue-2\/\" aria-label=\"More on Votre enfant est naturellement dou\u00e9\">Read more<\/a><\/p>\n","protected":false},"author":1,"featured_media":0,"parent":0,"menu_order":0,"comment_status":"closed","ping_status":"closed","template":"","meta":[],"_links":{"self":[{"href":"https:\/\/maitesauvet.fr\/maite_sauvet\/index.php\/wp-json\/wp\/v2\/pages\/151"}],"collection":[{"href":"https:\/\/maitesauvet.fr\/maite_sauvet\/index.php\/wp-json\/wp\/v2\/pages"}],"about":[{"href":"https:\/\/maitesauvet.fr\/maite_sauvet\/index.php\/wp-json\/wp\/v2\/types\/page"}],"author":[{"embeddable":true,"href":"https:\/\/maitesauvet.fr\/maite_sauvet\/index.php\/wp-json\/wp\/v2\/users\/1"}],"replies":[{"embeddable":true,"href":"https:\/\/maitesauvet.fr\/maite_sauvet\/index.php\/wp-json\/wp\/v2\/comments?post=151"}],"version-history":[{"count":1,"href":"https:\/\/maitesauvet.fr\/maite_sauvet\/index.php\/wp-json\/wp\/v2\/pages\/151\/revisions"}],"predecessor-version":[{"id":155,"href":"https:\/\/maitesauvet.fr\/maite_sauvet\/index.php\/wp-json\/wp\/v2\/pages\/151\/revisions\/155"}],"wp:attachment":[{"href":"https:\/\/maitesauvet.fr\/maite_sauvet\/index.php\/wp-json\/wp\/v2\/media?parent=151"}],"curies":[{"name":"wp","href":"https:\/\/api.w.org\/{rel}","templated":true}]}}