{"id":180,"date":"2021-12-30T17:55:28","date_gmt":"2021-12-30T16:55:28","guid":{"rendered":"https:\/\/maitesauvet.fr\/maite_sauvet\/?page_id=180"},"modified":"2022-05-27T23:08:09","modified_gmt":"2022-05-27T21:08:09","slug":"emissions-de-television","status":"publish","type":"page","link":"https:\/\/maitesauvet.fr\/maite_sauvet\/index.php\/emissions-de-television\/","title":{"rendered":"Regarder une \u00e9mission de t\u00e9l\u00e9vision"},"content":{"rendered":"\n<div class=\"wp-block-columns is-layout-flex wp-container-7\">\n<div class=\"wp-block-column is-layout-flow\" style=\"flex-basis:100%\">\n<div class=\"wp-block-group is-layout-flow\"><div class=\"wp-block-group__inner-container\">\n<div class=\"wp-block-columns is-layout-flex wp-container-4\">\n<div class=\"wp-block-column is-layout-flow\">\n<p>Emission \u00abC\u2019est mieux le matin\u00bb de janvier 2009 &#8211; France 3 Lyon<\/p>\n\n\n\n<p>Discussion sur le livre \u00abVotre enfant est naturellement dou\u00e9\u00bb<\/p>\n\n\n\n<figure class=\"wp-block-embed is-type-video is-provider-youtube wp-block-embed-youtube wp-embed-aspect-4-3 wp-has-aspect-ratio\"><div class=\"wp-block-embed__wrapper\">\n<iframe loading=\"lazy\" title=\"fr3lyon\" width=\"1200\" height=\"900\" src=\"https:\/\/www.youtube.com\/embed\/Bbs8lziqpVE?feature=oembed\" frameborder=\"0\" allow=\"accelerometer; autoplay; clipboard-write; encrypted-media; gyroscope; picture-in-picture\" allowfullscreen><\/iframe>\n<\/div><\/figure>\n\n\n\n<p>Emission \u00abBien-\u00eatre\u00bb du 12 juillet 2007 sur Direct 8, sur le th\u00e8me de la satisfaction sexuelle, anim\u00e9e par Charlotte Favreux<\/p>\n\n\n\n<figure class=\"wp-block-embed is-type-video is-provider-youtube wp-block-embed-youtube wp-embed-aspect-4-3 wp-has-aspect-ratio\"><div class=\"wp-block-embed__wrapper\">\n<iframe loading=\"lazy\" title=\"dvd7\" width=\"1200\" height=\"900\" src=\"https:\/\/www.youtube.com\/embed\/U9MoOdIBPRk?start=4&#038;feature=oembed\" frameborder=\"0\" allow=\"accelerometer; autoplay; clipboard-write; encrypted-media; gyroscope; picture-in-picture\" allowfullscreen><\/iframe>\n<\/div><\/figure>\n\n\n\n<p>Emission \u00abBien-\u00eatre\u00bb du 6 septembre 2008 sur Direct 8, sur le th\u00e8me de la satisfaction masculine, anim\u00e9e par Charlotte Favreux<\/p>\n\n\n\n<figure class=\"wp-block-embed is-type-video is-provider-youtube wp-block-embed-youtube wp-embed-aspect-4-3 wp-has-aspect-ratio\"><div class=\"wp-block-embed__wrapper\">\n<iframe loading=\"lazy\" title=\"dvd3\" width=\"1200\" height=\"900\" src=\"https:\/\/www.youtube.com\/embed\/8xVA9dAZuWU?feature=oembed\" frameborder=\"0\" allow=\"accelerometer; autoplay; clipboard-write; encrypted-media; gyroscope; picture-in-picture\" allowfullscreen><\/iframe>\n<\/div><\/figure>\n<\/div>\n\n\n\n<div class=\"wp-block-column is-layout-flow\">\n<div class=\"wp-block-group has-background is-vertical is-content-justification-center is-layout-flex wp-container-2\" style=\"background-color:#f7d3c3\">\n<p class=\"has-medium-font-size\"><strong><em>Votre enfant est naturellement dou\u00e9<\/em> <\/strong><\/p>\n\n\n\n<p class=\"has-background\" style=\"background-color:#f7d3c361;font-size:15px\"><br>**FRANCE 3 LYON\u2013 10h25&nbsp; Emission&nbsp;: C\u2019EST MIEUX LE MATIN pr\u00e9sent\u00e9e par Eric JEAN JEAN &#8211; sur \u00ab&nbsp;votre enfant est naturellement dou\u00e9&nbsp;\u00bb &#8211; 10\/01\/2009 <br><br>FRANCE 5 &#8211;&nbsp; Emission&nbsp;: LES MATERNELLES &#8211; se r\u00e9f\u00e9rant \u00e0 \u00ab&nbsp;&nbsp;votre enfant est naturellement dou\u00e9&nbsp;\u00bb \u2013 13\/01\/2011<\/p>\n\n\n\n<p class=\"has-medium-font-size\"><strong><em>\u00catre soi dans le plaisir<\/em> <\/strong><\/p>\n\n\n\n<p class=\"has-background\" style=\"background-color:#f7d3c3;font-size:15px\">**DIRECT 8 &#8211; Emission&nbsp;: BIEN ETRE, pr\u00e9sent\u00e9e par Charlotte SAVREUX \u2013 \u00ab&nbsp;Etes-vous combl\u00e9 sexuellement&nbsp;?&nbsp;\u00bb &#8211;&nbsp; 12\/07\/2007\u2013 10h-11h rediffusion&nbsp; 16h-17h <br><br>DIRECT 8 &#8211; Emission&nbsp;: BIEN ETRE, pr\u00e9sent\u00e9e par Charlotte SAVREUX \u00ab&nbsp;La pornographie&nbsp;\u00bb se r\u00e9f\u00e9rant \u00e0 \u00ab&nbsp;\u00eatre soi dans le plaisir&nbsp;\u00bb et \u00ab&nbsp;de l\u2019insatisfaction masculine&nbsp;\u00bb &#8211;&nbsp; 4\/10\/2007 \u2013 10h-11h rediffusion 16h-17h <br><br>ARTE &#8211; TV5 monde et nombreuses autres rediffusions <br>Consultant principal de l\u2019\u00e9mission&nbsp;: THEMA &#8211; Qu\u2019est-ce l\u2019orgasme&nbsp;? -10\/10\/2006 <br>\u00ab&nbsp;Pardon, mais c\u2019est trop bon&nbsp;\u00bb,) en lien avec le livre \u00ab&nbsp;\u00eatre soi dans le plaisir&nbsp;\u00bb (20h-21h35) <br>\u00ab&nbsp;Alors heureux&nbsp;?&nbsp;\u00bb en lien avec \u00ab&nbsp;de l\u2019insatisfaction masculine&nbsp;\u00bb et \u00ab&nbsp;\u00eatre soi dans le plaisir&nbsp;\u00bb &#8211; (21h35- 22h20) <br>&#8211;&nbsp; D\u00e9bat \u2013 (22h25-0h15) <br><br>FR&nbsp;3 LIMOGES &#8211; Emission&nbsp;: ID D\u2019L, pr\u00e9sent\u00e9e par Marie-Luce RIGOUT&nbsp; &#8211; Interview sur \u00ab&nbsp;\u00eatre soi dans le plaisir&nbsp;\u00bb &#8211;&nbsp; 09\/2006 <\/p>\n\n\n\n<p class=\"has-medium-font-size\"><strong><em>De l\u2019insatisfaction masculine <br>Les hommes sont-ils heureux&nbsp;?<\/em> <\/strong><\/p>\n\n\n\n<p class=\"has-background\" style=\"background-color:#f7d3c3;font-size:15px\">**DIRECT 8 &#8211;&nbsp; Emission&nbsp;: BIEN ETRE pr\u00e9sent\u00e9e par Charlotte SAVREUX &#8211;&nbsp; Sexualit\u00e9 masculine&nbsp;! Les hommes sont-ils heureux&nbsp;? Sur l\u2019insatisfaction masculine- 06\/09\/07 <br><br>DIRECT 8 &#8211; Emission&nbsp;: BIEN ETRE, pr\u00e9sent\u00e9e par Charlotte SAVREUX \u00ab&nbsp;La pornographie&nbsp;\u00bb se r\u00e9f\u00e9rant \u00e0 \u00ab&nbsp;\u00eatre soi dans le plaisir&nbsp;\u00bb et \u00ab&nbsp;de l\u2019insatisfaction masculine&nbsp;\u00bb &#8211;&nbsp; 4\/10\/2007 \u2013 10h-11h rediffusion 16h-17h <br><br>FRANCE&nbsp; 5 &#8211; MAGAZINE DE LA SANTE, pr\u00e9sent\u00e9&nbsp; par Marina CARRERE D\u2019ENCAUSSE, Michel CYMES&nbsp; &#8211; Emission sp\u00e9ciale sur la sexualit\u00e9 &#8211; 09\/2007 <br><br>ARTE &#8211; TV5 monde et nombreuses autres rediffusions&nbsp; <br>Consultant principal de l\u2019\u00e9mission&nbsp;: THEMA &#8211; Qu\u2019est-ce l\u2019orgasme&nbsp;? &#8211;&nbsp; 10\/10\/2006 <br>Pardon, mais c\u2019est trop bon (20h-21h35) en lien avec le livre \u00ab&nbsp;\u00eatre soi dans le plaisir&nbsp;\u00bbAlors heureux&nbsp;? (21h35-22h20) en lien avec \u00ab&nbsp;de l\u2019insatisfaction masculine&nbsp;\u00bb et \u00ab&nbsp;\u00eatre soi dans le plaisir&nbsp;\u00bb <br>D\u00e9bat.<\/p>\n<\/div>\n<\/div>\n<\/div>\n<\/div><\/div>\n<\/div>\n<\/div>\n\n\n\n<div class=\"wp-block-columns is-layout-flex wp-container-8\"><\/div>\n","protected":false},"excerpt":{"rendered":"<p>Emission \u00abC\u2019est mieux le matin\u00bb de janvier 2009 &#8211; France 3 Lyon Discussion sur le livre \u00abVotre enfant est naturellement dou\u00e9\u00bb Emission \u00abBien-\u00eatre\u00bb du 12 juillet 2007 sur Direct 8, sur le th\u00e8me de la satisfaction sexuelle, anim\u00e9e par Charlotte Favreux Emission \u00abBien-\u00eatre\u00bb du 6 septembre 2008 sur Direct 8, sur le th\u00e8me de la &#8230; <a title=\"Regarder une \u00e9mission de t\u00e9l\u00e9vision\" class=\"read-more\" href=\"https:\/\/maitesauvet.fr\/maite_sauvet\/index.php\/emissions-de-television\/\" aria-label=\"More on Regarder une \u00e9mission de t\u00e9l\u00e9vision\">Read more<\/a><\/p>\n","protected":false},"author":1,"featured_media":0,"parent":0,"menu_order":0,"comment_status":"closed","ping_status":"closed","template":"","meta":[],"_links":{"self":[{"href":"https:\/\/maitesauvet.fr\/maite_sauvet\/index.php\/wp-json\/wp\/v2\/pages\/180"}],"collection":[{"href":"https:\/\/maitesauvet.fr\/maite_sauvet\/index.php\/wp-json\/wp\/v2\/pages"}],"about":[{"href":"https:\/\/maitesauvet.fr\/maite_sauvet\/index.php\/wp-json\/wp\/v2\/types\/page"}],"author":[{"embeddable":true,"href":"https:\/\/maitesauvet.fr\/maite_sauvet\/index.php\/wp-json\/wp\/v2\/users\/1"}],"replies":[{"embeddable":true,"href":"https:\/\/maitesauvet.fr\/maite_sauvet\/index.php\/wp-json\/wp\/v2\/comments?post=180"}],"version-history":[{"count":10,"href":"https:\/\/maitesauvet.fr\/maite_sauvet\/index.php\/wp-json\/wp\/v2\/pages\/180\/revisions"}],"predecessor-version":[{"id":446,"href":"https:\/\/maitesauvet.fr\/maite_sauvet\/index.php\/wp-json\/wp\/v2\/pages\/180\/revisions\/446"}],"wp:attachment":[{"href":"https:\/\/maitesauvet.fr\/maite_sauvet\/index.php\/wp-json\/wp\/v2\/media?parent=180"}],"curies":[{"name":"wp","href":"https:\/\/api.w.org\/{rel}","templated":true}]}}