{"id":251,"date":"2022-05-11T19:57:54","date_gmt":"2022-05-11T17:57:54","guid":{"rendered":"https:\/\/maitesauvet.fr\/maite_sauvet\/?page_id=251"},"modified":"2022-05-27T10:14:33","modified_gmt":"2022-05-27T08:14:33","slug":"lire-des-articles-de-presse","status":"publish","type":"page","link":"https:\/\/maitesauvet.fr\/maite_sauvet\/index.php\/lire-des-articles-de-presse\/","title":{"rendered":"Lire des articles de presse"},"content":{"rendered":"\n<div class=\"wp-block-columns is-layout-flex wp-container-3\">\n<div class=\"wp-block-column is-layout-flow\" style=\"flex-basis:66.66%\">\n<p class=\"has-black-color has-text-color has-background has-medium-font-size\" style=\"background-color:#fa71ae85\"><em>D\u00e9veloppement personnel, bien-\u00eatre<\/em><\/p>\n\n\n\n<p>LE PARISIEN \u2013 Antoine BESSE &#8211; Dossier&nbsp;:<a href=\"https:\/\/maitesauvet.fr\/maite_sauvet\/index.php\/nos-vingt-idees-pour-decompresser\/\"> Nos 20 id\u00e9es pour d\u00e9compresser \u2013 23\/06\/2017<\/a><\/p>\n\n\n\n<p>PLEINE VIE \u2013 Marie-Laurence GREZAUD &#8211; Dossier&nbsp;: 20 conseils pour vieillir en bonne sant\u00e9 \u2013 <a href=\"https:\/\/maitesauvet.fr\/maite_sauvet\/index.php\/casser-sa-routine\/\">Encadr\u00e9&nbsp;: Mait\u00e9 SAUVET, cerveau&nbsp;: casser sa routine &#8211; 04\/2017<\/a><\/p>\n\n\n\n<p>PSYCHOLOGIES MAGAZINE&nbsp;&nbsp; &#8211; Laurence FOLLEA et&nbsp; Flavia MAZELIN SALVI &#8211; Dossier&nbsp;: Bien vieillir sans&nbsp; se mentir- Marie-Laurence GREZAUD <a href=\"https:\/\/maitesauvet.fr\/maite_sauvet\/index.php\/10-exercices-pour-rester-jeune-de-corps-et-desprit-04-2015\/\">&#8211; Article&nbsp;: 10 exercices pour rester jeune de corps et d\u2019esprit- 04\/2015<\/a><\/p>\n\n\n\n<p>PSYCHOLOGIES.COM&nbsp;&nbsp; &#8211; TCHAT&nbsp;:<a href=\"https:\/\/maitesauvet.fr\/maite_sauvet\/index.php\/comment-bien-vieillir\/\"> Comment&nbsp; bien vieillir&nbsp; &#8211; 15\/04\/2015<\/a><\/p>\n\n\n\n<p>FRANCE INFO \u2013INTERNET- Modes de vie- th\u00e8me du jour&nbsp;: \u00ab&nbsp;Les astuces pour combattre la routine&nbsp;\u00bb, reprise des exercices donn\u00e9s dans PSYCHOLOGIES MAGAZINE- 23\/06\/2014, 14h15<\/p>\n\n\n\n<p>PSYCOLOGIES MAGAZINE \u2013 Flavia MAZELIN SALVI \u2013 Article&nbsp;: D\u00e9programmer sa routine- 06\/2014<\/p>\n\n\n\n<p>LE TELEGRAMME &#8211; Flavia MAZELIN SALVI \u2013 Article&nbsp;: D\u00e9programmer sa routine- 09\/2014<\/p>\n\n\n\n<p>LE REPUBLICAIN LORRAIN &#8211; Flavia MAZELIN SALVI \u2013 Article&nbsp;: D\u00e9programmer sa routine- 09\/2014<\/p>\n\n\n\n<p>DERNIERE NOUVELLE D\u2019ALSACE &#8211; Flavia MAZELIN SALVI \u2013 Article&nbsp;: D\u00e9programmer sa routine- 09\/2014<\/p>\n<\/div>\n\n\n\n<div class=\"wp-block-column is-layout-flow\" style=\"flex-basis:33.33%\">\n<figure class=\"wp-block-image size-full\"><img decoding=\"async\" loading=\"lazy\" width=\"672\" height=\"853\" src=\"https:\/\/maitesauvet.fr\/maite_sauvet\/wp-content\/uploads\/2022\/05\/presse1.jpg\" alt=\"\" class=\"wp-image-256\" srcset=\"https:\/\/maitesauvet.fr\/maite_sauvet\/wp-content\/uploads\/2022\/05\/presse1.jpg 672w, https:\/\/maitesauvet.fr\/maite_sauvet\/wp-content\/uploads\/2022\/05\/presse1-236x300.jpg 236w\" sizes=\"(max-width: 672px) 100vw, 672px\" \/><\/figure>\n\n\n\n<figure class=\"wp-block-image size-full\"><img decoding=\"async\" loading=\"lazy\" width=\"633\" height=\"485\" src=\"https:\/\/maitesauvet.fr\/maite_sauvet\/wp-content\/uploads\/2022\/05\/presse2-2.jpg\" alt=\"\" class=\"wp-image-260\" srcset=\"https:\/\/maitesauvet.fr\/maite_sauvet\/wp-content\/uploads\/2022\/05\/presse2-2.jpg 633w, https:\/\/maitesauvet.fr\/maite_sauvet\/wp-content\/uploads\/2022\/05\/presse2-2-300x230.jpg 300w\" sizes=\"(max-width: 633px) 100vw, 633px\" \/><\/figure>\n<\/div>\n<\/div>\n\n\n\n<p class=\"has-text-align-center has-background has-medium-font-size\" style=\"background-color:#fa71ae85\"><em>D\u00e9veloppement de l&#8217;enfant<\/em><\/p>\n\n\n\n<p class=\"has-text-align-center has-text-color has-medium-font-size\" style=\"color:#dd0202\"><em>Votre enfant est naturellement dou\u00e9<\/em><\/p>\n\n\n\n<p>LE QUOTIDIEN DU MEDECIN &#8211; Caroline MARTINEAU&nbsp; \u2013<a href=\"https:\/\/maitesauvet.fr\/maite_sauvet\/index.php\/interactions-cerveau-et-environnement\/\"> Article : Interactions cerveau et environnement. Des \u00e9motions avant toute chose. \u2013 19\/01\/2009<\/a><\/p>\n\n\n\n<p>PARENTS&nbsp; MAGAZINE &#8211; Catherine MARCHI &#8211;<a href=\"https:\/\/maitesauvet.fr\/maite_sauvet\/index.php\/votre-bebe-est-incroyablement-intelligent\/\"> Article&nbsp;: Votre b\u00e9b\u00e9 est incroyablement intelligent\u2013 06\/2009-<\/a><\/p>\n\n\n\n<p>Elle &#8211; St\u00e9phanie ZIMMER &#8211; Rubrique&nbsp;: Vie priv\u00e9e enfants- <a href=\"https:\/\/maitesauvet.fr\/maite_sauvet\/index.php\/quels-jeux-educatifs-avant-10-ans\/\">Article&nbsp;: Quels jeux \u00e9ducatifs avant 6 ans&nbsp;? \u2013 10\/2008<\/a><\/p>\n\n\n\n<p>Psychologies Magazine &#8211; Sylvain MICHELET&nbsp; &#8211; Dossier&nbsp;: Se conna\u00eetre &#8211;<a href=\"https:\/\/maitesauvet.fr\/maite_sauvet\/index.php\/quest-ce-quetre-intelligent\/\"> Article&nbsp;: Qu\u2019est-ce qu\u2019\u00eatre intelligent&nbsp;? \u2013 10\/2008<\/a><\/p>\n\n\n\n<p>INFO CRECHE PRO&nbsp; &#8211;&nbsp; Article&nbsp;: L\u2019intelligence naturelle au service des petits- 03\/04\/2009<\/p>\n\n\n\n<p>ENFANT MAGAZINE- Marie&nbsp; AUFFRET-PERICONE, Isabelle GRAVILLON, Serge CICOTTI Dossier&nbsp;: Si je savais parler &#8211; 04\/2009<\/p>\n\n\n\n<p>BELLE SANTE&nbsp; &#8211;&nbsp; Article&nbsp;: Les m\u00e9thodes d\u2019apprentissages efficaces- 03\/2009<\/p>\n\n\n\n<p class=\"has-text-align-center has-background has-medium-font-size\" style=\"background-color:#fa71ae85\"><em>Relations amoureuses, plaisir, bien-\u00eatre<\/em><\/p>\n\n\n\n<p class=\"has-text-align-center has-text-color has-medium-font-size\" style=\"color:#e00b0b\"><em>\u00catre soi dans le plaisir<\/em><\/p>\n\n\n\n<p>FRANCE INFO \u2013INTERNET- Modes de vie- th\u00e8me du jour&nbsp;: \u00ab&nbsp;Les astuces pour combattre la routine&nbsp;\u00bb, reprise des exercices donn\u00e9s dans PSYCHOLOGIES MAGAZINE- 23\/06\/2014, 14h15<\/p>\n\n\n\n<p>PSYCHOLOGIES MAGAZINE &#8211; Juin 2014 &#8211; Flavia Mazelin Salvi &#8211;<a href=\"https:\/\/maitesauvet.fr\/maite_sauvet\/index.php\/deprogrammer-sa-routine\/\"> Article: d\u00e9programmer sa routine<\/a><\/p>\n\n\n\n<p>LE QUOTIDIEN DU MEDECIN&nbsp;&nbsp; -Caroline MARTINEAU &#8211; Dossier&nbsp;: Vies sexuelles<a href=\"https:\/\/maitesauvet.fr\/Site_de_Maite_Sauvet\/quotidien_avril_2006.html\"> <\/a><a href=\"https:\/\/maitesauvet.fr\/maite_sauvet\/index.php\/de-jouir-sans-entraves-a-jouir-sans-desir\/\">&#8211; Article&nbsp;: De jouir sans entraves \u00e0 jouir sans d\u00e9sir &#8211; 10\/04\/2006<\/a><\/p>\n\n\n\n<p>PSYCHOLOGIES MAGAZINE-&nbsp; Pascale SENK &#8211; Dossier&nbsp;: Le plaisir sexuel,&nbsp; oser donner savoir recevoir- Violaine GELLY &#8211; <a href=\"https:\/\/maitesauvet.fr\/maite_sauvet\/index.php\/petits-secrets-pour-grandes-satisfactions\/\">Article&nbsp;: Petits secrets pour grandes satisfactions &#8211; 07\/08\/2007<\/a><\/p>\n\n\n\n<p>ELLE &#8211; Laure LETER -Rubrique&nbsp;: vie priv\u00e9e bien \u00eatre &#8211;<a href=\"https:\/\/maitesauvet.fr\/maite_sauvet\/index.php\/le-plaisir-feminin-explique-aux-hommes\/\"> Article&nbsp;: le plaisir f\u00e9minin expliqu\u00e9 aux&nbsp; hommes &#8211; 05\/02\/2007<\/a><\/p>\n\n\n\n<p>LE FIGARO&nbsp;&nbsp; &#8211; 5\/12\/2011 &#8211;&nbsp; Pascale SENK &#8211; Dossier&nbsp;: <a href=\"https:\/\/maitesauvet.fr\/maite_sauvet\/index.php\/dou-vient-le-manque-denvie-sexuelle\/\">D\u2019o\u00f9 vient le manque d\u2019envie sexuelle<\/a><\/p>\n\n\n\n<p>PSYCHOLOGIES MAGAZINE \u2013 02\/2012 &#8211; Violaine GELLY&nbsp; &#8211; Dossier&nbsp;: <a href=\"https:\/\/maitesauvet.fr\/maite_sauvet\/index.php\/pourquoi-le-desir-va-et-vient\/\">Pourquoi <\/a><a rel=\"noreferrer noopener\" href=\"https:\/\/maitesauvet.fr\/maite_sauvet\/index.php\/pourquoi-le-desir-va-et-vient\/\" target=\"_blank\">le <\/a><a href=\"https:\/\/maitesauvet.fr\/maite_sauvet\/index.php\/pourquoi-le-desir-va-et-vient\/\">d\u00e9sir <\/a><a rel=\"noreferrer noopener\" href=\"https:\/\/maitesauvet.fr\/maite_sauvet\/index.php\/pourquoi-le-desir-va-et-vient\/\" target=\"_blank\">va et <\/a><a href=\"https:\/\/maitesauvet.fr\/maite_sauvet\/index.php\/pourquoi-le-desir-va-et-vient\/\">vient <\/a><a rel=\"noreferrer noopener\" href=\"https:\/\/maitesauvet.fr\/maite_sauvet\/index.php\/pourquoi-le-desir-va-et-vient\/\" target=\"_blank\">-Flavia <\/a>MAZELIN SALVI &#8211; Article&nbsp;: Partager le plaisir pour relancer le d\u00e9sir<\/p>\n\n\n\n<p>PSYCHOLOGIES MAGAZINE &#8211; 07\/08\/2008 &#8211; Sylvain MICHELET &#8211;<a rel=\"noreferrer noopener\" href=\"https:\/\/maitesauvet.fr\/maite_sauvet\/index.php\/souvrir-a-sa-sensualite\/\" target=\"_blank\"> <\/a><a href=\"https:\/\/maitesauvet.fr\/maite_sauvet\/index.php\/souvrir-a-sa-sensualite\/\">Dossier&nbsp;: S\u2019ouvrir \u00e0 sa sensualit\u00e9<\/a><\/p>\n\n\n\n<p>ARTE &#8211;&nbsp; Pr\u00e9sentation de l\u2019\u00e9mission : <a href=\"https:\/\/maitesauvet.fr\/maite_sauvet\/index.php\/quest-ce-que-lorgasme\/\">THEMA &#8211; Qu\u2019est-ce que l\u2019orgasme&nbsp;?<\/a> Article dans T\u00e9l\u00e9poche &#8211; Florence MARTINELLI &#8211;&nbsp; sur Qu\u2019est ce que l\u2019orgasme&nbsp;? \u2013 10\/10\/2006<\/p>\n\n\n\n<p>OUEST FRANCE-&nbsp; Nicolas SOURISCE &#8211; <a href=\"https:\/\/maitesauvet.fr\/maite_sauvet\/index.php\/du-secret-defense-aux-secrets-du-plaisir\/\">Article&nbsp;: Du secret d\u00e9fense aux secrets du plaisir -01\/08\/2006<\/a><\/p>\n\n\n\n<p>OUEST FRANCE &#8211; LE TELEGRAMME&nbsp; &#8211; 12\/05\/2006 &#8211; Article&nbsp;: D\u00e9dicace (librairie) de \u00ab&nbsp;Etre soi dans le plaisir&nbsp;\u00bb<\/p>\n\n\n\n<p>ELLE &#8211; Laure LETER &#8211; Rubrique&nbsp;: vie priv\u00e9e bien \u00eatre &#8211; Article&nbsp;: caressez- le \u2013 16\/10\/2006<\/p>\n\n\n\n<p>SEXOLOGOS \u2013 pr\u00e9sentation du livre &nbsp;\u00ab&nbsp;Etre soi dans le plaisir&nbsp;\u00bb &#8211; 04\/2006<\/p>\n\n\n\n<p class=\"has-text-align-center has-text-color has-medium-font-size\" style=\"color:#e10d0d\"><em>De l\u2019insatisfaction masculine &#8211; Les hommes sont-ils heureux?<\/em><\/p>\n\n\n\n<p>Elle &#8211; Laure LETER &#8211; Rubrique&nbsp;: vie priv\u00e9e bien \u00eatre &#8211; <a href=\"https:\/\/maitesauvet.fr\/maite_sauvet\/index.php\/sexualite-quand-les-hommes-ont-peur\/\">Article&nbsp;: Sexualit\u00e9 quand les hommes ont peur\u2013 18\/06\/2007<\/a><\/p>\n\n\n\n<p>FEMININ PRATIQUE PSYCHO&nbsp; &#8211;&nbsp; Dossier&nbsp;: l\u2019homme et ses femmes&nbsp; &#8211;<a href=\"https:\/\/maitesauvet.fr\/maite_sauvet\/index.php\/les-hommes-qui-ont-peur-de-sengager\/\"> Article&nbsp;: Les hommes qui ont peur de s\u2019engager ont besoin de beaucoup d\u2019amour &#8211;<\/a>&nbsp; 06\/07\/08\/2007 et 12\/2005\/01\/2006<\/p>\n\n\n\n<p>TERRE &amp; NATURE (Suisse)&nbsp; &#8211; Lucie MARRAMA &#8211; Article&nbsp;: Evasion&nbsp; &#8211;<a href=\"https:\/\/maitesauvet.fr\/maite_sauvet\/index.php\/les-hommes-exprimez-vous\/\"> Ho les hommes, exprimez-vous&nbsp;! &#8211; 28\/08\/2003<\/a><\/p>\n\n\n\n<p>CONSTRUIRE&nbsp; &#8211; Nelly SPOLTI &#8211; De l\u2019insatisfaction masculine &#8211; <a href=\"https:\/\/maitesauvet.fr\/maite_sauvet\/index.php\/les-hommes-sont-ils-heureux\/\">Les hommes sont-ils heureux&nbsp;? &#8211; 16\/09\/2003<\/a><\/p>\n\n\n\n<p>ARTE &#8211;&nbsp; \u00e9mission THEMA &#8211; Qu\u2019est-ce que l\u2019orgasme&nbsp;?&nbsp; Pr\u00e9sentation&nbsp; dans diff\u00e9rents journaux&nbsp; T\u00e9l\u00e9 Star &#8211;&nbsp; T\u00e9l\u00e9 Z \u2013 T\u00e9l\u00e9 Loisirs \u2013 T\u00e9l\u00e9 2 semaines \u2013 T\u00e9l\u00e9 c\u00e2ble Satellite\u2013 10\/10\/2006<\/p>\n\n\n\n<p>**Article dans TELEPOCHE- Florence MARTINELLI &#8211;&nbsp; sur Qu\u2019est ce que l\u2019orgasme&nbsp;? \u2013 10\/10\/2006<\/p>\n\n\n\n<p>ELLE &#8211; Laure LETER &#8211; Rubrique&nbsp;: vie priv\u00e9e bien \u00eatre &#8211; Article&nbsp;: caressez- le \u2013 16\/10\/2006<\/p>\n\n\n\n<p>BIEN DANS MA VIE &#8211; Lucie VIARD -Dossier&nbsp;: Sexualit\u00e9 &#8211; Article&nbsp;: Non ch\u00e9rie, pas ce soir&nbsp;! Quand c\u2019est lui qui n\u2019a pas envie\u2026 (De l\u2019insatisfaction masculine) \u2013 12\/2003<\/p>\n\n\n\n<p>FEMININ PRATIQUE PSCYCHO&nbsp; \u2013 Dossier&nbsp;: L\u2019homme et sa sexualit\u00e9 &#8211; Quand l\u2019\u00e9pouse devient m\u00e8re- 06\/07\/08 2007<\/p>\n\n\n\n<p>QUESTION PSYCHO&nbsp; &#8211;&nbsp; 05\/06\/07\/2007 et FEMININ PRATIQUE PSCYCHO&nbsp; &#8211; hors s\u00e9rie &#8211; 07\/08 2007 &#8211; Dossier&nbsp;: Hommes s\u00e9duction &amp; mode d\u2019emploi&nbsp; \u2013 Article&nbsp;: Les hommes sont-ils tous des l\u00e2ches&nbsp;?<\/p>\n\n\n\n<p>CHOISIR \u2013 Foi et sciences deux regards \u2013 N\u00b0528 &#8211; 12\/2003<\/p>\n\n\n\n<p>REPONSES PSY &#8211; Attention, homme fragile&nbsp;! &#8211; 09\/10\/2003<\/p>\n\n\n\n<p>BIBA\u2013 Allan et Barbara PEASE &#8211; Article&nbsp;: Je veux qu\u2019on m\u2019aime&nbsp;! (souriez, \u00e7a va marcher\u2026)- SEPTEMBRE 2003<\/p>\n\n\n\n<p>AGENDA PLUS&nbsp; &#8211; N\u00b0150 Belgique &#8211; 09\/2003<\/p>\n\n\n\n<p>LE MATIN DIMANCHE (Suisse)\u2013 Rosette POLETTI \u2013 Article&nbsp;: La gent masculine a peur de montrer ce qu\u2019elle ressent. Mais pourquoi donc&nbsp;? \u2013 Les hommes censurent leurs \u00e9motions \u2013 24 AOUT 2003<\/p>\n\n\n\n<p>BILTO \u2013 Le vrai visage des hommes \u2013 24\/07\/2003<\/p>\n\n\n\n<p>L\u2019EXPRESS \u2013 Marie HURET &#8211; Article&nbsp;: Hommes \u00e0 plaindre&nbsp; &#8211;&nbsp; 03\/10\/2002<\/p>\n","protected":false},"excerpt":{"rendered":"<p>D\u00e9veloppement personnel, bien-\u00eatre LE PARISIEN \u2013 Antoine BESSE &#8211; Dossier&nbsp;: Nos 20 id\u00e9es pour d\u00e9compresser \u2013 23\/06\/2017 PLEINE VIE \u2013 Marie-Laurence GREZAUD &#8211; Dossier&nbsp;: 20 conseils pour vieillir en bonne sant\u00e9 \u2013 Encadr\u00e9&nbsp;: Mait\u00e9 SAUVET, cerveau&nbsp;: casser sa routine &#8211; 04\/2017 PSYCHOLOGIES MAGAZINE&nbsp;&nbsp; &#8211; Laurence FOLLEA et&nbsp; Flavia MAZELIN SALVI &#8211; Dossier&nbsp;: Bien vieillir sans&nbsp; &#8230; <a title=\"Lire des articles de presse\" class=\"read-more\" href=\"https:\/\/maitesauvet.fr\/maite_sauvet\/index.php\/lire-des-articles-de-presse\/\" aria-label=\"More on Lire des articles de presse\">Read more<\/a><\/p>\n","protected":false},"author":1,"featured_media":0,"parent":0,"menu_order":0,"comment_status":"closed","ping_status":"closed","template":"","meta":[],"_links":{"self":[{"href":"https:\/\/maitesauvet.fr\/maite_sauvet\/index.php\/wp-json\/wp\/v2\/pages\/251"}],"collection":[{"href":"https:\/\/maitesauvet.fr\/maite_sauvet\/index.php\/wp-json\/wp\/v2\/pages"}],"about":[{"href":"https:\/\/maitesauvet.fr\/maite_sauvet\/index.php\/wp-json\/wp\/v2\/types\/page"}],"author":[{"embeddable":true,"href":"https:\/\/maitesauvet.fr\/maite_sauvet\/index.php\/wp-json\/wp\/v2\/users\/1"}],"replies":[{"embeddable":true,"href":"https:\/\/maitesauvet.fr\/maite_sauvet\/index.php\/wp-json\/wp\/v2\/comments?post=251"}],"version-history":[{"count":39,"href":"https:\/\/maitesauvet.fr\/maite_sauvet\/index.php\/wp-json\/wp\/v2\/pages\/251\/revisions"}],"predecessor-version":[{"id":425,"href":"https:\/\/maitesauvet.fr\/maite_sauvet\/index.php\/wp-json\/wp\/v2\/pages\/251\/revisions\/425"}],"wp:attachment":[{"href":"https:\/\/maitesauvet.fr\/maite_sauvet\/index.php\/wp-json\/wp\/v2\/media?parent=251"}],"curies":[{"name":"wp","href":"https:\/\/api.w.org\/{rel}","templated":true}]}}