{"id":374,"date":"2022-05-22T21:47:56","date_gmt":"2022-05-22T19:47:56","guid":{"rendered":"https:\/\/maitesauvet.fr\/maite_sauvet\/?page_id=374"},"modified":"2022-05-27T10:11:08","modified_gmt":"2022-05-27T08:11:08","slug":"acheter-un-livre","status":"publish","type":"page","link":"https:\/\/maitesauvet.fr\/maite_sauvet\/index.php\/acheter-un-livre\/","title":{"rendered":"Acheter un livre"},"content":{"rendered":"\n<div class=\"wp-block-columns is-layout-flex wp-container-9\">\n<div class=\"wp-block-column is-layout-flow\" style=\"flex-basis:100%\">\n<div class=\"wp-block-columns is-layout-flex wp-container-7\">\n<div class=\"wp-block-column is-layout-flow\" style=\"flex-basis:100%\">\n<div class=\"wp-block-columns is-layout-flex wp-container-5\">\n<div class=\"wp-block-column is-layout-flow\" style=\"flex-basis:100%\">\n<div class=\"wp-block-columns is-layout-flex wp-container-3\">\n<div class=\"wp-block-column is-layout-flow\" style=\"flex-basis:50%\">\n<p style=\"font-size:16px\">Les livres sont en vente sur de nombreux sites, notamment ceux de la FNAC et de GALLIMARD. En notant le nom de l\u2019auteur\u00a0: \u00ab\u00a0Ma\u00eft\u00e9 Sauvet\u00a0\u00bb dans un moteur de recherche, ceux-ci appara\u00eetront.\u00a0\u00a0<\/p>\n\n\n\n<p style=\"font-size:16px\">On les trouve \u00e9galement en librairie, s\u2019ils ne sont pas en stock, ils se commandent ais\u00e9ment et ne sont pas \u00e9puis\u00e9s, mis \u00e0 part \u00ab&nbsp;De l\u2019insatisfaction masculine, les hommes sont-ils heureux&nbsp;?&nbsp;\u00bb qui est plus difficile \u00e0 trouver \u00e0 l\u2019heure actuelle. <a href=\"https:\/\/maitesauvet.fr\/maite_sauvet\/index.php\/me-contacter\/\">Pour ce dernier livre, vous pouvez \u00e9ventuellement me contacter.<\/a><\/p>\n<\/div>\n\n\n\n<div class=\"wp-block-column is-layout-flow\" style=\"flex-basis:25%\"><\/div>\n<\/div>\n<\/div>\n<\/div>\n<\/div>\n<\/div>\n<\/div>\n<\/div>\n\n\n\n<p><\/p>\n","protected":false},"excerpt":{"rendered":"<p>Les livres sont en vente sur de nombreux sites, notamment ceux de la FNAC et de GALLIMARD. En notant le nom de l\u2019auteur\u00a0: \u00ab\u00a0Ma\u00eft\u00e9 Sauvet\u00a0\u00bb dans un moteur de recherche, ceux-ci appara\u00eetront.\u00a0\u00a0 On les trouve \u00e9galement en librairie, s\u2019ils ne sont pas en stock, ils se commandent ais\u00e9ment et ne sont pas \u00e9puis\u00e9s, mis \u00e0 &#8230; <a title=\"Acheter un livre\" class=\"read-more\" href=\"https:\/\/maitesauvet.fr\/maite_sauvet\/index.php\/acheter-un-livre\/\" aria-label=\"More on Acheter un livre\">Read more<\/a><\/p>\n","protected":false},"author":1,"featured_media":0,"parent":0,"menu_order":0,"comment_status":"closed","ping_status":"closed","template":"","meta":[],"_links":{"self":[{"href":"https:\/\/maitesauvet.fr\/maite_sauvet\/index.php\/wp-json\/wp\/v2\/pages\/374"}],"collection":[{"href":"https:\/\/maitesauvet.fr\/maite_sauvet\/index.php\/wp-json\/wp\/v2\/pages"}],"about":[{"href":"https:\/\/maitesauvet.fr\/maite_sauvet\/index.php\/wp-json\/wp\/v2\/types\/page"}],"author":[{"embeddable":true,"href":"https:\/\/maitesauvet.fr\/maite_sauvet\/index.php\/wp-json\/wp\/v2\/users\/1"}],"replies":[{"embeddable":true,"href":"https:\/\/maitesauvet.fr\/maite_sauvet\/index.php\/wp-json\/wp\/v2\/comments?post=374"}],"version-history":[{"count":7,"href":"https:\/\/maitesauvet.fr\/maite_sauvet\/index.php\/wp-json\/wp\/v2\/pages\/374\/revisions"}],"predecessor-version":[{"id":423,"href":"https:\/\/maitesauvet.fr\/maite_sauvet\/index.php\/wp-json\/wp\/v2\/pages\/374\/revisions\/423"}],"wp:attachment":[{"href":"https:\/\/maitesauvet.fr\/maite_sauvet\/index.php\/wp-json\/wp\/v2\/media?parent=374"}],"curies":[{"name":"wp","href":"https:\/\/api.w.org\/{rel}","templated":true}]}}